{"id":11977,"date":"2023-04-06T15:29:28","date_gmt":"2023-04-06T15:29:28","guid":{"rendered":"https:\/\/chatalucie.eu\/video\/"},"modified":"2023-10-18T14:03:21","modified_gmt":"2023-10-18T14:03:21","slug":"video","status":"publish","type":"page","link":"https:\/\/chatalucie.eu\/fr\/video\/","title":{"rendered":"Vid\u00e9o"},"content":{"rendered":"<h3>Cottage Lucie &#8211; Visite virtuelle<\/h3>\n<p><a href=\"https:\/\/360view.cz\/chata-lucie\/\" target=\"_blank\" rel=\"noopener\">https:\/\/360view.cz\/chata-lucie\/<\/a><\/p>\n<h3>Cottage Lucie &#8211; video<\/h3>\n<p><iframe loading=\"lazy\" title=\"Chata Lucie pod \u0158\u00edpem - ubytov\u00e1n\u00ed pro va\u0161\u00ed dovolenou s rodinou nebo p\u0159\u00e1teli. @chatalucie\" width=\"800\" height=\"450\" src=\"https:\/\/www.youtube.com\/embed\/1nVczOrxIpk?feature=oembed\" frameborder=\"0\" allow=\"accelerometer; autoplay; clipboard-write; encrypted-media; gyroscope; picture-in-picture; web-share\" allowfullscreen><\/iframe><\/p>\n","protected":false},"excerpt":{"rendered":"<p>Cottage Lucie &#8211; Visite virtuelle Cottage Lucie &#8211; video<\/p>\n","protected":false},"author":2,"featured_media":0,"parent":0,"menu_order":0,"comment_status":"closed","ping_status":"closed","template":"","meta":[],"_links":{"self":[{"href":"https:\/\/chatalucie.eu\/fr\/wp-json\/wp\/v2\/pages\/11977"}],"collection":[{"href":"https:\/\/chatalucie.eu\/fr\/wp-json\/wp\/v2\/pages"}],"about":[{"href":"https:\/\/chatalucie.eu\/fr\/wp-json\/wp\/v2\/types\/page"}],"author":[{"embeddable":true,"href":"https:\/\/chatalucie.eu\/fr\/wp-json\/wp\/v2\/users\/2"}],"replies":[{"embeddable":true,"href":"https:\/\/chatalucie.eu\/fr\/wp-json\/wp\/v2\/comments?post=11977"}],"version-history":[{"count":2,"href":"https:\/\/chatalucie.eu\/fr\/wp-json\/wp\/v2\/pages\/11977\/revisions"}],"predecessor-version":[{"id":12851,"href":"https:\/\/chatalucie.eu\/fr\/wp-json\/wp\/v2\/pages\/11977\/revisions\/12851"}],"wp:attachment":[{"href":"https:\/\/chatalucie.eu\/fr\/wp-json\/wp\/v2\/media?parent=11977"}],"curies":[{"name":"wp","href":"https:\/\/api.w.org\/{rel}","templated":true}]}}